{"id":123,"date":"2018-02-18T21:12:47","date_gmt":"2018-02-18T21:12:47","guid":{"rendered":"https:\/\/spanishimmersionencolon.com\/?page_id=123"},"modified":"2024-05-13T03:51:25","modified_gmt":"2024-05-13T03:51:25","slug":"airport-transfer","status":"publish","type":"page","link":"https:\/\/spanishimmersionencolon.com\/index.php\/airport-transfer\/","title":{"rendered":"Airport Transfer"},"content":{"rendered":"<h2 class=\"sub-title-primary\"><\/h2> <p>After a long flight, you will probably want to be taken to your preferred place or destination. I know what it is to arrive at a foreign country for the first time. That\u2019s why we have the option of airport transfer so that you can just relax and enjoy all the way to your homestay family in Col\u00f3n. We want to assure you not only comfort but also security and in this way avoid unnecessary stress.\u00a0 We can help you to make your arrival a lot easier by arranging your ride in advance. You can basically get to the Spanish institute either by yourself (for those who have already visited our country) or you can choose one of the following options. Somebody will be waiting for you at the airport so once you set foot in Argentina, just relax, enjoy and learn from the very beginning.<\/p>\n<p>Options:<\/p>\n<p>1- You will be taken directly from Ezeiza airport to our Spanish institute in Col\u00f3n. Pick-up from the airport to your homestay family or wherever you decide to stay in Col\u00f3n: USD 230 (two people per trip plus one piece of luggage and a carry on luggage each) &#8211; a cab will be waiting for you.<\/p>\n<p>2- \u00a0You will take two means of transportation (two buses). \u00a0From the Ezeiza airport to Puerto Madero, Buenos Aires (you need to take Manuel Tienda Le\u00f3n bus at the airport): USD 20. Once you get to the Manuel Tienda Le\u00f3n Bus station in Puerto Madero, you are just some blocks away from the main bus station in Buenos Aires. Then you buy a ticket to Col\u00f3n, Entre R\u00edos. The ticket costs USD 30. (This is for those who would like to get to Col\u00f3n, Entre R\u00edos by themselves)<\/p>\n<p>3- I will be waiting for you at the Ezeiza airport. Then we&#8217;ll go to the Spanish institute together (we will take two buses). Cost $ 170.<\/p>\n","protected":false},"excerpt":{"rendered":"<p>After a long flight, you will probably want to be taken to your preferred place or destination. I know what it is to arrive at a foreign country for the first time. That\u2019s why we have the option of airport transfer so that you can&nbsp;<a class=\"read-more\" href=\"https:\/\/spanishimmersionencolon.com\/index.php\/airport-transfer\/\">&hellip;<\/a><\/p>\n","protected":false},"author":1,"featured_media":0,"parent":0,"menu_order":0,"comment_status":"closed","ping_status":"closed","template":"template-full.php","meta":{"om_disable_all_campaigns":false,"_monsterinsights_skip_tracking":false,"_monsterinsights_sitenote_active":false,"_monsterinsights_sitenote_note":"","_monsterinsights_sitenote_category":0,"spay_email":"","footnotes":""},"class_list":["post-123","page","type-page","status-publish","hentry"],"jetpack_sharing_enabled":true,"jetpack_shortlink":"https:\/\/wp.me\/P9Fk3h-1Z","_links":{"self":[{"href":"https:\/\/spanishimmersionencolon.com\/index.php\/wp-json\/wp\/v2\/pages\/123","targetHints":{"allow":["GET"]}}],"collection":[{"href":"https:\/\/spanishimmersionencolon.com\/index.php\/wp-json\/wp\/v2\/pages"}],"about":[{"href":"https:\/\/spanishimmersionencolon.com\/index.php\/wp-json\/wp\/v2\/types\/page"}],"author":[{"embeddable":true,"href":"https:\/\/spanishimmersionencolon.com\/index.php\/wp-json\/wp\/v2\/users\/1"}],"replies":[{"embeddable":true,"href":"https:\/\/spanishimmersionencolon.com\/index.php\/wp-json\/wp\/v2\/comments?post=123"}],"version-history":[{"count":8,"href":"https:\/\/spanishimmersionencolon.com\/index.php\/wp-json\/wp\/v2\/pages\/123\/revisions"}],"predecessor-version":[{"id":695,"href":"https:\/\/spanishimmersionencolon.com\/index.php\/wp-json\/wp\/v2\/pages\/123\/revisions\/695"}],"wp:attachment":[{"href":"https:\/\/spanishimmersionencolon.com\/index.php\/wp-json\/wp\/v2\/media?parent=123"}],"curies":[{"name":"wp","href":"https:\/\/api.w.org\/{rel}","templated":true}]}}