{"id":416,"date":"2018-05-16T13:53:02","date_gmt":"2018-05-16T13:53:02","guid":{"rendered":"https:\/\/spanishimmersionencolon.com\/?page_id=416"},"modified":"2018-12-19T12:32:21","modified_gmt":"2018-12-19T12:32:21","slug":"where-is-colon","status":"publish","type":"page","link":"https:\/\/spanishimmersionencolon.com\/index.php\/where-is-colon\/","title":{"rendered":"Where is Col\u00f3n?"},"content":{"rendered":"<h2 class=\"sub-title-primary\"><\/h2> <p><img loading=\"lazy\" decoding=\"async\" class=\"alignleft wp-image-438\" src=\"https:\/\/spanishimmersionencolon.com\/wp-content\/uploads\/2018\/05\/bsaserios-300x300.jpg\" alt=\"\" width=\"500\" height=\"500\" srcset=\"https:\/\/spanishimmersionencolon.com\/wp-content\/uploads\/2018\/05\/bsaserios-300x300.jpg 300w, https:\/\/spanishimmersionencolon.com\/wp-content\/uploads\/2018\/05\/bsaserios-150x150.jpg 150w, https:\/\/spanishimmersionencolon.com\/wp-content\/uploads\/2018\/05\/bsaserios-768x768.jpg 768w, https:\/\/spanishimmersionencolon.com\/wp-content\/uploads\/2018\/05\/bsaserios-75x75.jpg 75w, https:\/\/spanishimmersionencolon.com\/wp-content\/uploads\/2018\/05\/bsaserios-48x48.jpg 48w, https:\/\/spanishimmersionencolon.com\/wp-content\/uploads\/2018\/05\/bsaserios-250x250.jpg 250w, https:\/\/spanishimmersionencolon.com\/wp-content\/uploads\/2018\/05\/bsaserios-550x550.jpg 550w, https:\/\/spanishimmersionencolon.com\/wp-content\/uploads\/2018\/05\/bsaserios.jpg 800w, https:\/\/spanishimmersionencolon.com\/wp-content\/uploads\/2018\/05\/bsaserios-180x180.jpg 180w, https:\/\/spanishimmersionencolon.com\/wp-content\/uploads\/2018\/05\/bsaserios-500x500.jpg 500w\" sizes=\"auto, (max-width: 500px) 100vw, 500px\" \/>Col\u00f3n is a city in the province of Entre R\u00edos, Argentina. The city is located in the east of the province, on the western shore of the Uruguay River. It lies opposite Paysand\u00fa, Rep\u00fablica Oriental del Uruguay to which it is linked by the General Artigas Bridge. Col\u00f3n is 3hrs 30\u00b4 from Buenos Aires by car and 30&#8242; from Paysand\u00fa, Rep\u00fablica Oriental del Uruguay.<\/p>\n","protected":false},"excerpt":{"rendered":"<p>Col\u00f3n is a city in the province of Entre R\u00edos, Argentina. The city is located in the east of the province, on the western shore of the Uruguay River. It lies opposite Paysand\u00fa, Rep\u00fablica Oriental del Uruguay to which it is linked by the General&nbsp;<a class=\"read-more\" href=\"https:\/\/spanishimmersionencolon.com\/index.php\/where-is-colon\/\">&hellip;<\/a><\/p>\n","protected":false},"author":1,"featured_media":0,"parent":0,"menu_order":0,"comment_status":"closed","ping_status":"closed","template":"","meta":{"om_disable_all_campaigns":false,"_monsterinsights_skip_tracking":false,"_monsterinsights_sitenote_active":false,"_monsterinsights_sitenote_note":"","_monsterinsights_sitenote_category":0,"spay_email":"","footnotes":""},"class_list":["post-416","page","type-page","status-publish","hentry"],"jetpack_sharing_enabled":true,"jetpack_shortlink":"https:\/\/wp.me\/P9Fk3h-6I","_links":{"self":[{"href":"https:\/\/spanishimmersionencolon.com\/index.php\/wp-json\/wp\/v2\/pages\/416","targetHints":{"allow":["GET"]}}],"collection":[{"href":"https:\/\/spanishimmersionencolon.com\/index.php\/wp-json\/wp\/v2\/pages"}],"about":[{"href":"https:\/\/spanishimmersionencolon.com\/index.php\/wp-json\/wp\/v2\/types\/page"}],"author":[{"embeddable":true,"href":"https:\/\/spanishimmersionencolon.com\/index.php\/wp-json\/wp\/v2\/users\/1"}],"replies":[{"embeddable":true,"href":"https:\/\/spanishimmersionencolon.com\/index.php\/wp-json\/wp\/v2\/comments?post=416"}],"version-history":[{"count":10,"href":"https:\/\/spanishimmersionencolon.com\/index.php\/wp-json\/wp\/v2\/pages\/416\/revisions"}],"predecessor-version":[{"id":623,"href":"https:\/\/spanishimmersionencolon.com\/index.php\/wp-json\/wp\/v2\/pages\/416\/revisions\/623"}],"wp:attachment":[{"href":"https:\/\/spanishimmersionencolon.com\/index.php\/wp-json\/wp\/v2\/media?parent=416"}],"curies":[{"name":"wp","href":"https:\/\/api.w.org\/{rel}","templated":true}]}}